{"id":418,"date":"2023-01-20T09:11:59","date_gmt":"2023-01-20T09:11:59","guid":{"rendered":"https:\/\/www.silverfield.com\/privacy-policy\/"},"modified":"2023-03-23T15:42:13","modified_gmt":"2023-03-23T15:42:13","slug":"privacy-policy","status":"publish","type":"page","link":"https:\/\/www.silverfield.com\/en\/privacy-policy\/","title":{"rendered":"Privacy Policy"},"content":{"rendered":"&#13;\n<h1 class=\"wp-block-heading\">Sensitive Data Management<\/h1>&#13;\n<div class=\"text\">&#13;\n<p>Per quanto sancito dal D.lgs. 196\/2003 ogni persona ha diritto di proteggersi contro l\u2019utilizzo improprio della propria identit\u00e0 privata e proteggersi contro l\u2019utilizzo improprio dei dati personali. Silverfield S.r.l. rispetta completamente queste disposizioni. I dati personali (come: nome, cognome, e-mail, telefono, indirizzo, etc&#8230;) saranno trattati come strettamente confidenziali, e non saranno ceduti o inviati a terze parti. In stretta collaborazione con il nostro fornitore di servizi web, e dei servizi di prenotazione on-line, prendiamo ogni possibile misura preventiva per proteggere il database da accessi, cancellazioni, perdite, utilizzi impropri e falsificazioni da parte di ignoti. Il responsabile del trattamento dei dati personali \u00e8 Silverfield S.r.l.<\/p>&#13;\n<p>In relazione a quanto sopracitato, i vostri dati personali verranno comunicati, se necessario:<br\/>a pubbliche amministrazioni ed autorit\u00e0, dove previsto dalla legge;<br\/>ad istituti di credito con i quali Silverfield S.r.l. mantiene rapporti per la gestione dei pagamenti;<br\/>a tutte queste persone giuridiche e\/o fisiche, a tutte le istituzioni pubbliche e\/o private ( studi legali, amministrative e di consulenza fiscale, uffici giudiziari, camera di commercio, etc&#8230;) quando necessario o funzionale per l\u2019adempimento dell\u2019attivit\u00e0 di Silverfield S.r.l. in accordo con i principi sopra menzionati.<\/p>&#13;\n<p>L\u2019Ospite espressamente consente a Silverfield S.r.l. la raccolta, il trattamento, la comunicazione dei propri dati personali ai fini dell\u2019esecuzione del presente contratto. L\u2019Ospite altres\u00ec consente a Silverfield S.r.l. l\u2019utilizzo dei dati personali raccolti al fine di svolgere l\u2019attivit\u00e0 di analisi delle scelte e delle abitudini di consumo al fine di migliorare l\u2019offerta dei servizi nei successivi soggiorni. I dati personali possono inoltre essere trattati per operazioni a premio e programmi di fidelizzazione clienti.<\/p>&#13;\n<h2>Cookies<\/h2>&#13;\n<p>In determinati casi facciamo ricorso ai cosiddetti cookie: file di testo salvati nel vostro PC che consentono l\u2019analisi dell\u2019utilizzo del sito web. \u00c8 possibile impostare il browser in modo da visualizzare un messaggio di avvertimento prima del salvataggio di un cookie. \u00c8 inoltre possibile rinunciare ai vantaggi dati dai cookie personali. In tal caso non si avr\u00e0 la possibilit\u00e0 di utilizzare determinati servizi.<\/p>&#13;\n<h2>E-mails \/ E-newsletters<\/h2>&#13;\n<p>Mailing e\/o newsletter di Silverfield S.r.l. verranno inviate solo previo vostro consenso. \u00c8 possibile rinunciare al ricevimento di ulteriori comunicazioni in qualsiasi momento.<\/p>&#13;\n<h2>Market research<\/h2>&#13;\n<p>Per migliorare continuamente la qualit\u00e0 dei servizi forniti, Silverfield s.r.l. conduce tra i propri clienti dei sondaggi in formato elettronico. Se non desiderate partecipare potete richiedere l\u2019esclusione dai sondaggi inviando una mail a info@silverfield.com.<\/p>&#13;\n<h2>Google Analytics<\/h2>&#13;\n<p>Silverfield S.r.l. nello svolgimento delle sue attivit\u00e0 utilizza Google Analytics, un servizio di web analisi di Google Inc. (\u201cGoogle\u201d). Questo programma si avvale dell\u2019utilizzo dei Cookies. Le informazioni raccolte (incluso il vostro indirizzo IP) vengono trasmesse e salvate nei server di Google, il quale utilizza questi dati per tracciare e valutare il vostro utilizzo del sito web, creare statistiche sulle attivit\u00e0 web a favore di Silverfield s.r.l., ed offrirvi servizi aggiuntivi connessi ad internet ed ai siti web. Google \u00e8 autorizzata a trasmettere queste informazioni a terze parti, se \u00e8 legalmente obbligata o necessario per terzi elaborare queste informazioni per conto di Google. In nessuna circostanza Google collegher\u00e0 il vostro indirizzo IP con altri dati raccolti. \u00c8 possibile impostare il browser in modo da non salvare i Cookies, ma vogliamo informarvi che in questo caso non sar\u00e0 possibile utilizzare al completo le funzionalit\u00e0 ed i servizi dei siti web. Utilizzando questi siti web accettate il trattamento dei vostri dati personali da parte di Google, in accordo con le modalit\u00e0 di utilizzo sopracitate.<\/p>&#13;\n<h2>Applicable law and legal venue<\/h2>&#13;\n<p>Si applica il diritto Italiano. Il foro esclusivamente competente per dirimere le controversie \u00e8 Firenze.<\/p>&#13;\n<h2>Changes to Privacy Protection<\/h2>&#13;\n<p>Silverfield S.r.l. potr\u00e0 occasionalmente modificare queste note sulla privacy per modifiche richieste dalla societ\u00e0 o richieste degli utenti stessi. Silverfield S.r.l. vi incoraggia a rileggere periodicamente queste note per mantenervi informati su come Silverfield S.r.l. sta proteggendo le vostre informazioni.<\/p>&#13;\n<p>Silverfield S.r.l. a socio unico<br\/>Via Fr\u00e0 Silvestro Maruffi, n.3<br\/>50132 &#8211; Firenze<br\/>P.IVA:06468800484 C.F.:06468800484<br\/>Pec.:silverfieldsrl@legalmail.it<br\/>REA FI-631058<br\/>Capitale Sociale 64.000,00 \u20aci.v.<\/p>&#13;\n<\/div>&#13;\n","protected":false},"excerpt":{"rendered":"<p>&#13; Sensitive Data Management &#13; &#13; Per quanto sancito dal D.lgs. 196\/2003 ogni persona ha diritto di proteggersi contro l\u2019utilizzo improprio della propria identit\u00e0 privata e proteggersi contro l\u2019utilizzo improprio dei dati personali. Silverfield S.r.l. rispetta completamente queste disposizioni. I dati personali (come: nome, cognome, e-mail, telefono, indirizzo, etc&#8230;) saranno trattati come strettamente confidenziali, e [&hellip;]<\/p>\n","protected":false},"author":1,"featured_media":0,"parent":0,"menu_order":0,"comment_status":"closed","ping_status":"open","template":"","meta":{"footnotes":""},"class_list":["post-418","page","type-page","status-publish","hentry"],"_links":{"self":[{"href":"https:\/\/www.silverfield.com\/en\/wp-json\/wp\/v2\/pages\/418","targetHints":{"allow":["GET"]}}],"collection":[{"href":"https:\/\/www.silverfield.com\/en\/wp-json\/wp\/v2\/pages"}],"about":[{"href":"https:\/\/www.silverfield.com\/en\/wp-json\/wp\/v2\/types\/page"}],"author":[{"embeddable":true,"href":"https:\/\/www.silverfield.com\/en\/wp-json\/wp\/v2\/users\/1"}],"replies":[{"embeddable":true,"href":"https:\/\/www.silverfield.com\/en\/wp-json\/wp\/v2\/comments?post=418"}],"version-history":[{"count":0,"href":"https:\/\/www.silverfield.com\/en\/wp-json\/wp\/v2\/pages\/418\/revisions"}],"wp:attachment":[{"href":"https:\/\/www.silverfield.com\/en\/wp-json\/wp\/v2\/media?parent=418"}],"curies":[{"name":"wp","href":"https:\/\/api.w.org\/{rel}","templated":true}]}}